{"id":1429,"date":"2024-04-23T05:40:54","date_gmt":"2024-04-23T05:40:54","guid":{"rendered":"https:\/\/mues-tec.com\/?page_id=1429"},"modified":"2024-05-28T10:58:56","modified_gmt":"2024-05-28T10:58:56","slug":"impressumnew","status":"publish","type":"page","link":"https:\/\/mues-tec.com\/de\/impressum-2\/","title":{"rendered":"Impressum"},"content":{"rendered":"<section id=\"section-caa9a80\" class=\"section-c13b737 cc-sct\"><div id=\"section-caa9a80-wrapper\" class=\"section-c13b737-wrapper cc-wrapper\">\n<h1 id=\"heading-c58da24\" class=\"heading-c4ba1f4\">Impressum<\/h1>\n\n\n\n<p id=\"paragraph-c2590ed\" class=\"paragraph-cbed788\">April 23, 2024<\/p>\n\n\n\n<div id=\"div-c8404ff\" class=\"div-cf900f2 wrap-text-content\">\n<h2 id=\"heading-ceaabf3\" class=\"heading-c6c07a2\"><bdo lang=\"DE\" dir=\"ltr\">Angaben gem\u00e4\u00df \u00a7 5 TMG<\/bdo><\/h2>\n\n\n\n<p id=\"paragraph-cb5423b\" class=\"paragraph-c4026cc\">Be Mirror UG (haftungsbeschr\u00e4nkt)<\/p>\n\n\n\n<p id=\"paragraph-c6089c5\" class=\"paragraph-c8d6191\">Hauptstra\u00dfe 16<\/p>\n\n\n\n<p id=\"paragraph-c198e68\" class=\"paragraph-c36f873\">36137 Gro\u00dfenl\u00fcder<\/p>\n\n\n\n<p id=\"paragraph-c3b4773\" class=\"paragraph-ce14706\"><\/p>\n\n\n\n<p id=\"paragraph-c06a6ff\" class=\"paragraph-c5631ed\">Telefon: +49 (0)6648 9167562<\/p>\n\n\n\n<p id=\"paragraph-ca5c3d2\" class=\"paragraph-cc39d3b\">E-Mail: info@bullegato.de<\/p>\n\n\n\n<h2 id=\"heading-c2ccbbe\" class=\"heading-cf8974c\">Verantwortlich f\u00fcr den Inhalt gem\u00e4\u00df \u00a7 55 Abs. 2 RStV:<\/h2>\n\n\n\n<p id=\"paragraph-c84de2f\" class=\"paragraph-c04c32a\">Viktoria Bullegato<\/p>\n\n\n\n<h2 id=\"paragraph-cb1641c\" class=\"paragraph-cbc4087\">Registereintrag:<\/h2>\n\n\n\n<p id=\"paragraph-c214a2b\" class=\"paragraph-ca33fab\">Handelsregister: HRB 8786<\/p>\n\n\n\n<p id=\"paragraph-ce5a2c2\" class=\"paragraph-c94c34c\">Registergericht: Amtsgericht Fulda<\/p>\n\n\n\n<h2 id=\"paragraph-cbeb615\" class=\"paragraph-cf7cee4\">Umsatzsteuer-ID:<\/h2>\n\n\n\n<p id=\"paragraph-ca59236\" class=\"paragraph-cc08f87\">Umsatzsteuer-Identifikationsnummer gem\u00e4\u00df \u00a7 27 a Umsatzsteuergesetz:<\/p>\n\n\n\n<p id=\"paragraph-c9aa253\" class=\"paragraph-cc46e66\">DE367690963<\/p>\n\n\n\n<h2 id=\"paragraph-c1339cb\" class=\"paragraph-cd3e672\">WEEE-Reg.-Nr:<\/h2>\n\n\n\n<p id=\"paragraph-c9888c1\" class=\"paragraph-c5f07da\">DE 74561375<\/p>\n\n\n\n<h2 id=\"paragraph-c371d6c\" class=\"paragraph-ca29129\">Vertreten durch:<\/h2>\n\n\n\n<p id=\"paragraph-cbf7c9a\" class=\"paragraph-c3c0da2\">Viktoria Bullegato<\/p>\n\n\n\n<h2 id=\"paragraph-c33a6e9\" class=\"paragraph-c2b292a\">EU-Streitschlichtung<\/h2>\n\n\n\n<p id=\"paragraph-c34b824\" class=\"paragraph-c68a15d\">Die Europ\u00e4ische Kommission stellt eine Plattform f\u00fcr die Online-Streitbeilegung (OS) zur Verf\u00fcgung: https:\/\/ec.europa.eu\/consumers\/odr. Unsere E-Mail-Adresse finden Sie im obigen rechtlichen Hinweis.<\/p>\n<\/div>\n<\/div><\/section>","protected":false},"excerpt":{"rendered":"","protected":false},"author":1,"featured_media":0,"parent":0,"menu_order":0,"comment_status":"closed","ping_status":"closed","template":"","meta":{"_acf_changed":false,"footnotes":""},"class_list":["post-1429","page","type-page","status-publish","hentry"],"acf":[],"_links":{"self":[{"href":"https:\/\/mues-tec.com\/de\/wp-json\/wp\/v2\/pages\/1429","targetHints":{"allow":["GET"]}}],"collection":[{"href":"https:\/\/mues-tec.com\/de\/wp-json\/wp\/v2\/pages"}],"about":[{"href":"https:\/\/mues-tec.com\/de\/wp-json\/wp\/v2\/types\/page"}],"author":[{"embeddable":true,"href":"https:\/\/mues-tec.com\/de\/wp-json\/wp\/v2\/users\/1"}],"replies":[{"embeddable":true,"href":"https:\/\/mues-tec.com\/de\/wp-json\/wp\/v2\/comments?post=1429"}],"version-history":[{"count":0,"href":"https:\/\/mues-tec.com\/de\/wp-json\/wp\/v2\/pages\/1429\/revisions"}],"wp:attachment":[{"href":"https:\/\/mues-tec.com\/de\/wp-json\/wp\/v2\/media?parent=1429"}],"curies":[{"name":"wp","href":"https:\/\/api.w.org\/{rel}","templated":true}]}}