{"id":18,"date":"2023-09-01T05:56:30","date_gmt":"2023-09-01T05:56:30","guid":{"rendered":"https:\/\/mues.cmbox-dev.ru\/?page_id=18"},"modified":"2025-09-08T14:51:09","modified_gmt":"2025-09-08T14:51:09","slug":"portfolio","status":"publish","type":"page","link":"https:\/\/mues-tec.com\/de\/uber-uns\/portfolio\/","title":{"rendered":"Portfolio"},"content":{"rendered":"<section id=\"section-c11d626\" class=\"section-c7bd055 cc-sct\"><div id=\"section-c11d626-wrapper\" class=\"section-c7bd055-wrapper cc-wrapper\">\n<div id=\"columns-cf1d269\" class=\"columns-ccc8126 columns-wrap\">\n<div id=\"column-c88bcb9\" class=\"column-c9d491d cc-clmn\"><\/div>\n\n\n\n<div id=\"column-cfac5e8\" class=\"column-c5c60a5 columns-wrap-line cc-clmn\"><\/div>\n\n\n\n<div id=\"column-cef7e55\" class=\"column-cc89758 cc-clmn\"><\/div>\n<\/div>\n\n\n\n<div id=\"columns-c2fb33c\" class=\"columns-c69755c\">\n<div id=\"column-c4b9626\" class=\"column-c4c69f5 cc-clmn\"><p><nav aria-label=\"Semmelbr\u00f6sel\" class=\"rank-math-breadcrumb\"><p><span class=\"last\">Startseite<\/span><\/p><\/nav><\/p>\n\n\n\n<h1 id=\"heading-c008545\" class=\"heading-c086af0\">Portfolio<\/h1>\n\n\n\n<p id=\"paragraph-cf38d86\" class=\"paragraph-ce9bd92\">Erkunden Sie unser Portfolio, um sich von der Breite und Tiefe unserer Expertise zu \u00fcberzeugen. Jedes Projekt unterstreicht unser Engagement f\u00fcr Innovation und Exzellenz. Von bahnbrechenden Entw\u00fcrfen bis hin zu Implementierungen zeigt das Portfolio von Mues-Tec unser Engagement f\u00fcr die Umsetzung von Ideen in die Realit\u00e4t. Wenn Sie Fragen haben oder tiefere Einblicke w\u00fcnschen, ist unser Team nur einen Klick entfernt.<\/p>\n\n\n  <select id=\"select-portfolio\">\r\n    <option class=\"cs-selector-label\">Richtung w\u00e4hlen<\/option>\r\n    <option value=\"1\">Hotels<\/option>\r\n    <option value=\"2\">Sch\u00f6nheitsindustrie<\/option>\r\n    <option value=\"3\">Vertriebspartner<\/option>\r\n    <option value=\"4\">Designer &amp; Architekten<\/option>\r\n    <option value=\"5\">Marken<\/option>\r\n    <option value=\"6\">Aufzug Hersteller<\/option>\r\n    <option value=\"7\">Immobilienentwickler<\/option>\r\n  <\/select><\/div>\n\n\n\n<div id=\"column-c8fc295\" class=\"column-cae7f09 cc-clmn\">\n<img loading=\"lazy\" decoding=\"async\" id=\"image-c143e0c\" class=\"image-c8371ac img-mask cc-img\" src=\"https:\/\/mues-tec.com\/wp-content\/uploads\/2023\/09\/portfolio-0.webp\" srcset=\"https:\/\/mues-tec.com\/wp-content\/uploads\/2023\/09\/portfolio-0.webp 1160w, https:\/\/mues-tec.com\/wp-content\/uploads\/2023\/09\/portfolio-0-768x628.webp 768w, https:\/\/mues-tec.com\/wp-content\/uploads\/2023\/09\/portfolio-0-15x12.webp 15w\" sizes=\"auto, (max-width: 1160px) 100vw, 1160px\" width=\"1160\" height=\"949\" alt=\"Mues-Tec\"\/>\n<\/div>\n<\/div>\n<\/div><\/section>\n\n\n\n<section id=\"section-cecb46e\" class=\"section-c072056 cc-sct\"><div id=\"section-cecb46e-wrapper\" class=\"section-c072056-wrapper cc-wrapper\">\n<div id=\"columns-cf1d269\" class=\"columns-ccc8126 columns-wrap\">\n<div id=\"column-c88bcb9\" class=\"column-c9d491d cc-clmn\"><\/div>\n\n\n\n<div id=\"column-cfac5e8\" class=\"column-c5c60a5 columns-wrap-line cc-clmn\"><\/div>\n\n\n\n<div id=\"column-cef7e55\" class=\"column-cc89758 cc-clmn\"><\/div>\n<\/div>\n\n\n\n<div id=\"repeater-c5a13e7\" class=\"repeater-cdc2fee\"><div >\n<div id=\"div-c57b968\" class=\"div-c20c8f0\" category=\"Hotels\">\n<img loading=\"lazy\" decoding=\"async\" id=\"image-ce6a7df\" class=\"image-c9ba99b cc-img\" src=\"https:\/\/mues-tec.com\/wp-content\/uploads\/2023\/09\/portfolio-4.webp\" height=\"350\" width=\"560\" alt=\"Mues-Tec\" srcset=\"https:\/\/mues-tec.com\/wp-content\/uploads\/2023\/09\/portfolio-4.webp 560w, https:\/\/mues-tec.com\/wp-content\/uploads\/2023\/09\/portfolio-4-18x12.webp 18w\"\/>\n\n\n\n<div id=\"div-c2c0e55\" class=\"div-cab92ae\">\n<h3 id=\"heading-c3f3b80\" class=\"heading-c232b1b\">Jumeirah - Al Sahel Resort von GM Architects<\/h3>\n\n\n\n<div id=\"paragraph-ce8e8fa\" class=\"paragraph-c3556d9\">MUES-TEC bereichert das luxuri\u00f6se Erlebnis im ersten Familienresort am Al Jazayer Beach mit seinen Premium-Badfernsehern aus Edelstahl.<\/div>\n<\/div>\n<\/div>\n<\/div><div >\n<div id=\"div-c57b968-r-1\" class=\"div-c20c8f0\" category=\"Hotels\">\n<img loading=\"lazy\" decoding=\"async\" id=\"image-ce6a7df-r-1\" class=\"image-c9ba99b cc-img\" src=\"https:\/\/mues-tec.com\/wp-content\/uploads\/2025\/01\/la-clef-tour-eiffel-by-ascott.jpg\" height=\"683\" width=\"1024\" alt=\"Mues-Tec\" srcset=\"https:\/\/mues-tec.com\/wp-content\/uploads\/2025\/01\/la-clef-tour-eiffel-by-ascott.jpg 1024w, https:\/\/mues-tec.com\/wp-content\/uploads\/2025\/01\/la-clef-tour-eiffel-by-ascott-768x512.jpg 768w, https:\/\/mues-tec.com\/wp-content\/uploads\/2025\/01\/la-clef-tour-eiffel-by-ascott-18x12.jpg 18w\"\/>\n\n\n\n<div id=\"div-c2c0e55-r-1\" class=\"div-cab92ae\">\n<h3 id=\"heading-c3f3b80-r-1\" class=\"heading-c232b1b\">La Clef Tour Eiffel von Ascott<\/h3>\n\n\n\n<div id=\"paragraph-ce8e8fa-r-1\" class=\"paragraph-c3556d9\">Die in Deutschland handgefertigten Edelstahlrahmen umschlie\u00dfen elegant die Spiegelfernseher von La Clef Tour Eiffel by Ascott und verk\u00f6rpern das Nonplusultra an Au\u00dfergew\u00f6hnlichkeit und Exklusivit\u00e4t.<\/div>\n<\/div>\n<\/div>\n<\/div><div >\n<div id=\"div-c57b968-r-2\" class=\"div-c20c8f0\" category=\"Hotels\">\n<img loading=\"lazy\" decoding=\"async\" id=\"image-ce6a7df-r-2\" class=\"image-c9ba99b cc-img\" src=\"https:\/\/mues-tec.com\/wp-content\/uploads\/2025\/01\/taj-dubai-scaled.jpg\" height=\"2560\" width=\"1824\" alt=\"Mues-Tec\" srcset=\"https:\/\/mues-tec.com\/wp-content\/uploads\/2025\/01\/taj-dubai-scaled.jpg 1824w, https:\/\/mues-tec.com\/wp-content\/uploads\/2025\/01\/taj-dubai-768x1078.jpg 768w, https:\/\/mues-tec.com\/wp-content\/uploads\/2025\/01\/taj-dubai-1094x1536.jpg 1094w, https:\/\/mues-tec.com\/wp-content\/uploads\/2025\/01\/taj-dubai-1459x2048.jpg 1459w, https:\/\/mues-tec.com\/wp-content\/uploads\/2025\/01\/taj-dubai-9x12.jpg 9w\"\/>\n\n\n\n<div id=\"div-c2c0e55-r-2\" class=\"div-cab92ae\">\n<h3 id=\"heading-c3f3b80-r-2\" class=\"heading-c232b1b\">TAJ Dubai<\/h3>\n\n\n\n<div id=\"paragraph-ce8e8fa-r-2\" class=\"paragraph-c3556d9\">Seit Jahren renovieren und modernisieren wir Hotels wie das Taj Dubai mit hochwertigen, nahtlos integrierten Badezimmerfernsehern und ersetzen veraltete Technik durch moderne L\u00f6sungen.<\/div>\n<\/div>\n<\/div>\n<\/div><div >\n<div id=\"div-c57b968-r-3\" class=\"div-c20c8f0\" category=\"Hotels\">\n<img loading=\"lazy\" decoding=\"async\" id=\"image-ce6a7df-r-3\" class=\"image-c9ba99b cc-img\" src=\"https:\/\/mues-tec.com\/wp-content\/uploads\/2023\/09\/portfolio-5.webp\" height=\"350\" width=\"560\" alt=\"Mues-Tec\" srcset=\"https:\/\/mues-tec.com\/wp-content\/uploads\/2023\/09\/portfolio-5.webp 560w, https:\/\/mues-tec.com\/wp-content\/uploads\/2023\/09\/portfolio-5-18x12.webp 18w\"\/>\n\n\n\n<div id=\"div-c2c0e55-r-3\" class=\"div-cab92ae\">\n<h3 id=\"heading-c3f3b80-r-3\" class=\"heading-c232b1b\">Steigenberger<\/h3>\n\n\n\n<div id=\"paragraph-ce8e8fa-r-3\" class=\"paragraph-c3556d9\">Nahtlose Integration mit OTRUM und hanseatisch anmutende Badezimmer-Fernseher - das Steigenberger Hotel Hamburg l\u00e4sst seine G\u00e4ste 2021 im Luxus schwelgen.<\/div>\n<\/div>\n<\/div>\n<\/div><div >\n<div id=\"div-c57b968-r-4\" class=\"div-c20c8f0\" category=\"Hotels\">\n<img loading=\"lazy\" decoding=\"async\" id=\"image-ce6a7df-r-4\" class=\"image-c9ba99b cc-img\" src=\"https:\/\/mues-tec.com\/wp-content\/uploads\/2025\/01\/bmine-frankfurt.jpg\" height=\"1080\" width=\"1920\" alt=\"Mues-Tec\" srcset=\"https:\/\/mues-tec.com\/wp-content\/uploads\/2025\/01\/bmine-frankfurt.jpg 1920w, https:\/\/mues-tec.com\/wp-content\/uploads\/2025\/01\/bmine-frankfurt-768x432.jpg 768w, https:\/\/mues-tec.com\/wp-content\/uploads\/2025\/01\/bmine-frankfurt-1536x864.jpg 1536w, https:\/\/mues-tec.com\/wp-content\/uploads\/2025\/01\/bmine-frankfurt-18x10.jpg 18w\"\/>\n\n\n\n<div id=\"div-c2c0e55-r-4\" class=\"div-cab92ae\">\n<h3 id=\"heading-c3f3b80-r-4\" class=\"heading-c232b1b\">B'mine Hotel Frankfurt Flughafen<\/h3>\n\n\n\n<div id=\"paragraph-ce8e8fa-r-4\" class=\"paragraph-c3556d9\">Genie\u00dfen Sie nahtlose Unterhaltung und eine schlichte, moderne \u00c4sthetik mit dem exklusiven Mirror TV in der Suite des B'mine Hotel Frankfurt Airport.<\/div>\n<\/div>\n<\/div>\n<\/div><div >\n<div id=\"div-c57b968-r-5\" class=\"div-c20c8f0\" category=\"Hotels\">\n<img loading=\"lazy\" decoding=\"async\" id=\"image-ce6a7df-r-5\" class=\"image-c9ba99b cc-img\" src=\"https:\/\/mues-tec.com\/wp-content\/uploads\/2023\/09\/portfolio-6.webp\" height=\"350\" width=\"560\" alt=\"Mues-Tec\" srcset=\"https:\/\/mues-tec.com\/wp-content\/uploads\/2023\/09\/portfolio-6.webp 560w, https:\/\/mues-tec.com\/wp-content\/uploads\/2023\/09\/portfolio-6-18x12.webp 18w\"\/>\n\n\n\n<div id=\"div-c2c0e55-r-5\" class=\"div-cab92ae\">\n<h3 id=\"heading-c3f3b80-r-5\" class=\"heading-c232b1b\">Park Hyatt<\/h3>\n\n\n\n<div id=\"paragraph-ce8e8fa-r-5\" class=\"paragraph-c3556d9\">Mit unseren innovativen und wasserdichten Fernsehern im Badezimmer k\u00f6nnen Sie sich jetzt im Park Hyatt Hotel vollkommen entspannen.<\/div>\n<\/div>\n<\/div>\n<\/div><div >\n<div id=\"div-c57b968-r-6\" class=\"div-c20c8f0\" category=\"Hotels\">\n<img loading=\"lazy\" decoding=\"async\" id=\"image-ce6a7df-r-6\" class=\"image-c9ba99b cc-img\" src=\"https:\/\/mues-tec.com\/wp-content\/uploads\/2023\/09\/portfolio-7.webp\" height=\"350\" width=\"560\" alt=\"Mues-Tec\" srcset=\"https:\/\/mues-tec.com\/wp-content\/uploads\/2023\/09\/portfolio-7.webp 560w, https:\/\/mues-tec.com\/wp-content\/uploads\/2023\/09\/portfolio-7-18x12.webp 18w\"\/>\n\n\n\n<div id=\"div-c2c0e55-r-6\" class=\"div-cab92ae\">\n<h3 id=\"heading-c3f3b80-r-6\" class=\"heading-c232b1b\">Parkhotel<\/h3>\n\n\n\n<div id=\"paragraph-ce8e8fa-r-6\" class=\"paragraph-c3556d9\">Mues-Tec, ein Premium-Partner von Steigenberger f\u00fcr Spezialfernseher, ist stolz darauf, das G\u00e4steerlebnis hier im Parkhotel mit modernster Display-Technologie zu verbessern.<\/div>\n<\/div>\n<\/div>\n<\/div><div >\n<div id=\"div-c57b968-r-7\" class=\"div-c20c8f0\" category=\"Hotels\">\n<img loading=\"lazy\" decoding=\"async\" id=\"image-ce6a7df-r-7\" class=\"image-c9ba99b cc-img\" src=\"https:\/\/mues-tec.com\/wp-content\/uploads\/2023\/09\/portfolio-8.webp\" height=\"350\" width=\"560\" alt=\"Mues-Tec\" srcset=\"https:\/\/mues-tec.com\/wp-content\/uploads\/2023\/09\/portfolio-8.webp 560w, https:\/\/mues-tec.com\/wp-content\/uploads\/2023\/09\/portfolio-8-18x12.webp 18w\"\/>\n\n\n\n<div id=\"div-c2c0e55-r-7\" class=\"div-cab92ae\">\n<h3 id=\"heading-c3f3b80-r-7\" class=\"heading-c232b1b\">CWS-boco international<\/h3>\n\n\n\n<div id=\"paragraph-ce8e8fa-r-7\" class=\"paragraph-c3556d9\">SmartWash Plus erh\u00f6ht die Hygienestandards mit der innovativen CWS SmartWash-Armatur und einem digitalen Spiegel und unterstreicht die entscheidende Rolle der Handhygiene bei der Keimpr\u00e4vention.<\/div>\n<\/div>\n<\/div>\n<\/div><\/div>\n\n\n\n<div id=\"div-cd1e7fa\" class=\"div-cbe33c3\">\n<div id=\"div-c8bd5d0\" class=\"div-c6165c7 btn-arrow\">\n<p id=\"paragraph-c1805ae\" class=\"paragraph-caf8b54\">Mehr laden<\/p>\n\n\n<svg xmlns=\"http:\/\/www.w3.org\/2000\/svg\" width=\"25\" height=\"24\" viewbox=\"0 0 25 24\" fill=\"none\">\r\n<path fill-rule=\"evenodd\" clip-rule=\"evenodd\" d=\"M17.2197 7.71967C17.5126 7.42678 17.9874 7.42678 18.2803 7.71967L22.0303 11.4697C22.3232 11.7626 22.3232 12.2374 22.0303 12.5303L18.2803 16.2803C17.9874 16.5732 17.5126 16.5732 17.2197 16.2803C16.9268 15.9874 16.9268 15.5126 17.2197 15.2197L19.6893 12.75H3.5C3.08579 12.75 2.75 12.4142 2.75 12C2.75 11.5858 3.08579 11.25 3.5 11.25H19.6893L17.2197 8.78033C16.9268 8.48744 16.9268 8.01256 17.2197 7.71967Z\" fill=\"#005665\"\/>\r\n<\/svg><\/div>\n\n\n\n\n<\/div>\n<\/div><\/section>","protected":false},"excerpt":{"rendered":"","protected":false},"author":1,"featured_media":0,"parent":17,"menu_order":0,"comment_status":"closed","ping_status":"closed","template":"","meta":{"_acf_changed":false,"footnotes":""},"class_list":["post-18","page","type-page","status-publish","hentry"],"acf":[],"_links":{"self":[{"href":"https:\/\/mues-tec.com\/de\/wp-json\/wp\/v2\/pages\/18","targetHints":{"allow":["GET"]}}],"collection":[{"href":"https:\/\/mues-tec.com\/de\/wp-json\/wp\/v2\/pages"}],"about":[{"href":"https:\/\/mues-tec.com\/de\/wp-json\/wp\/v2\/types\/page"}],"author":[{"embeddable":true,"href":"https:\/\/mues-tec.com\/de\/wp-json\/wp\/v2\/users\/1"}],"replies":[{"embeddable":true,"href":"https:\/\/mues-tec.com\/de\/wp-json\/wp\/v2\/comments?post=18"}],"version-history":[{"count":0,"href":"https:\/\/mues-tec.com\/de\/wp-json\/wp\/v2\/pages\/18\/revisions"}],"up":[{"embeddable":true,"href":"https:\/\/mues-tec.com\/de\/wp-json\/wp\/v2\/pages\/17"}],"wp:attachment":[{"href":"https:\/\/mues-tec.com\/de\/wp-json\/wp\/v2\/media?parent=18"}],"curies":[{"name":"wp","href":"https:\/\/api.w.org\/{rel}","templated":true}]}}