{"id":19,"date":"2023-09-01T05:56:42","date_gmt":"2023-09-01T05:56:42","guid":{"rendered":"https:\/\/mues.cmbox-dev.ru\/?page_id=19"},"modified":"2023-12-24T15:20:02","modified_gmt":"2023-12-24T15:20:02","slug":"reviews","status":"publish","type":"page","link":"https:\/\/mues-tec.com\/de\/uber-uns\/bewertungen\/","title":{"rendered":"Bewertungen"},"content":{"rendered":"<section id=\"section-c0db070\" class=\"section-c423115 cc-sct\"><div id=\"section-c0db070-wrapper\" class=\"section-c423115-wrapper cc-wrapper\"><p><nav aria-label=\"Semmelbr\u00f6sel\" class=\"rank-math-breadcrumb\"><p><span class=\"last\">Startseite<\/span><\/p><\/nav><\/p>\n\n\n\n<h1 id=\"heading-c008545\" class=\"heading-c086af0\">Bewertungen<\/h1>\n\n\n\n<div id=\"repeater-c73bd29\" class=\"repeater-cef93f6\"><div >\n<div id=\"div-c481f0a\" class=\"div-ceb7e9a\">\n<div id=\"div-cf905c1\" class=\"div-cd9191c\">\n<p id=\"paragraph-c07ed6b\" class=\"paragraph-c38d383\">Mit freundlichen Gr\u00fc\u00dfen Dipl.-Ing. <br \/>\r\nHauke Brauer, Gesch\u00e4ftsf\u00fchrer P-Labor elektronik GmbH<\/p>\n<\/div>\n\n\n\n<div id=\"div-c9c1176\" class=\"div-ca6b92a\">\n<p id=\"paragraph-c2b7f2e\" class=\"paragraph-c2d78a5\">In den vielen Jahren unserer Zusammenarbeit waren sie immer von einer fr\u00f6hlichen, aber professionellen, zielorientierten Atmosph\u00e4re gepr\u00e4gt. Ob in beliebten Hotelketten im Luxussegment oder in der anspruchsvollen Individualhotellerie, mit Mues-Tc, Viktiora und Ihrem Team konnten wir dem Kunden gegen\u00fcber uneingeschr\u00e4nkt Leistung erbringen und tadellose Produkte liefern.<\/p>\n<\/div>\n\n\n<\/div>\n<\/div><div >\n<div id=\"div-c481f0a-r-1\" class=\"div-ceb7e9a\">\n<div id=\"div-cf905c1-r-1\" class=\"div-cd9191c\">\n<p id=\"paragraph-c07ed6b-r-1\" class=\"paragraph-c38d383\">Mit freundlichen Gr\u00fc\u00dfen <br \/>\r\nVolker Skuras, Fackelmann GmbH + Co.KG<\/p>\n<\/div>\n\n\n\n<div id=\"div-c9c1176-r-1\" class=\"div-ca6b92a\">\n<p id=\"paragraph-c2b7f2e-r-1\" class=\"paragraph-c2d78a5\">Smart Mirror - ein gro\u00dfartiges Produkt und ein Top-Service von Mues-Tec. <br \/>\r\nWir, die Fackelmann Gruppe mit den Badm\u00f6belmarken Fackelmann, Lanzet und Badmobil, arbeiten seit Jahren erfolgreich mit Mues-Tec zusammen. Aus dieser Zusammenarbeit sind bereits 2 sehr erfolgreiche Projekte hervorgegangen - eines im Lanzet-Sortiment (Sanit\u00e4rhandel) und das andere, unter Fackelmann, ein exklusives Produkt f\u00fcr eine der gr\u00f6\u00dften Baumarktketten in Deutschland.<br \/>\r\nDas gesamte Team von Mues-Tec hat uns mit seinem professionellen und engagierten Service beeindruckt. Von der gemeinsamen Entwicklung bis zum Kundendienst waren sie immer f\u00fcr uns da und k\u00fcmmerten sich mit gro\u00dfer Sorgfalt um unsere Anliegen und Fragen.<br \/>\r\nW\u00e4hrend der Projektphase hat Mues-Tec bewiesen, dass sie \u00fcber das technische Know-how und die Erfahrung verf\u00fcgen, um Smart Mirror-L\u00f6sungen auf h\u00f6chstem Niveau zu liefern. Die Qualit\u00e4t der Produkte und das Angebot an Softwarel\u00f6sungen sind wirklich beeindruckend. Die Smart Mirrors erg\u00e4nzen unser Sortiment perfekt und kombinieren unsere Badezimmerspiegel mit der neuesten Technologie.<br \/>\r\nDer hervorragende Kundendienst von Mues-Tec verdient besondere Erw\u00e4hnung. Sie sorgten st\u00e4ndig daf\u00fcr, dass alles perfekt funktionierte und standen uns bei Fragen immer zur Verf\u00fcgung, auch nach Abschluss der Projekte.<br \/>\r\nDaher k\u00f6nnen wir Mues-Tec sehr empfehlen, wenn Sie auf der Suche nach qualitativ hochwertigen Smart Mirror-L\u00f6sungen sind. Das professionelle Team in Kombination mit einer sehr guten Entwicklungsarbeit und einem ausgezeichneten Kundendienst macht sie zu einem zuverl\u00e4ssigen Partner f\u00fcr jedes Projekt. Wir sind sehr zufrieden mit unserer Entscheidung, mit Mues-Tec zusammenzuarbeiten und werden das Unternehmen auf jeden Fall f\u00fcr zuk\u00fcnftige Projekte wieder in Betracht ziehen.<br \/>\r\nNochmals vielen Dank an Frau Thur und Mues-Tec f\u00fcr die gute Zusammenarbeit!<\/p>\n<\/div>\n\n\n<\/div>\n<\/div><div >\n<div id=\"div-c481f0a-r-2\" class=\"div-ceb7e9a\">\n<div id=\"div-cf905c1-r-2\" class=\"div-cd9191c\">\n<p id=\"paragraph-c07ed6b-r-2\" class=\"paragraph-c38d383\">Beste W\u00fcnsche von<br \/>\r\nRenny Ninan, Direktor - Vertrieb<br \/>\r\nNet Plus Information Technology Network Services Co.<\/p>\n<\/div>\n\n\n\n<div id=\"div-c9c1176-r-2\" class=\"div-ca6b92a\">\n<p id=\"paragraph-c2b7f2e-r-2\" class=\"paragraph-c2d78a5\">Es ist mir eine gro\u00dfe Freude, Partner von Mues-Tec hier in Dubai, VAE, zu sein. Seit unserer Gr\u00fcndung als IT-ELV-Systemintegrator im Jahr 2021 sind wir Teil von Mues-Tec. Die Unterst\u00fctzung, die wir von Frau Viktoria und dem gesamten Mues-Tec Team erhalten, ist \u00e4u\u00dferst professionell und sofort verf\u00fcgbar, denn unsere Kunden aus dem Gastgewerbe hier in Dubai erwarten dies st\u00e4ndig.<br \/>\r\nIch w\u00fcnsche Mues-Tec eine erfolgreiche Reise in die Zukunft. M\u00f6gen wir gemeinsam mehr und mehr Lorbeeren in dieser Region gewinnen.<\/p>\n<\/div>\n\n\n<\/div>\n<\/div><\/div>\n<\/div><\/section>","protected":false},"excerpt":{"rendered":"","protected":false},"author":1,"featured_media":0,"parent":17,"menu_order":0,"comment_status":"closed","ping_status":"closed","template":"","meta":{"_acf_changed":false,"footnotes":""},"class_list":["post-19","page","type-page","status-publish","hentry"],"acf":[],"_links":{"self":[{"href":"https:\/\/mues-tec.com\/de\/wp-json\/wp\/v2\/pages\/19","targetHints":{"allow":["GET"]}}],"collection":[{"href":"https:\/\/mues-tec.com\/de\/wp-json\/wp\/v2\/pages"}],"about":[{"href":"https:\/\/mues-tec.com\/de\/wp-json\/wp\/v2\/types\/page"}],"author":[{"embeddable":true,"href":"https:\/\/mues-tec.com\/de\/wp-json\/wp\/v2\/users\/1"}],"replies":[{"embeddable":true,"href":"https:\/\/mues-tec.com\/de\/wp-json\/wp\/v2\/comments?post=19"}],"version-history":[{"count":0,"href":"https:\/\/mues-tec.com\/de\/wp-json\/wp\/v2\/pages\/19\/revisions"}],"up":[{"embeddable":true,"href":"https:\/\/mues-tec.com\/de\/wp-json\/wp\/v2\/pages\/17"}],"wp:attachment":[{"href":"https:\/\/mues-tec.com\/de\/wp-json\/wp\/v2\/media?parent=19"}],"curies":[{"name":"wp","href":"https:\/\/api.w.org\/{rel}","templated":true}]}}