{"id":31,"date":"2023-09-01T06:00:07","date_gmt":"2023-09-01T06:00:07","guid":{"rendered":"https:\/\/mues.cmbox-dev.ru\/?page_id=31"},"modified":"2025-09-08T14:51:27","modified_gmt":"2025-09-08T14:51:27","slug":"contact","status":"publish","type":"page","link":"https:\/\/mues-tec.com\/de\/kontakt\/","title":{"rendered":"Kontakt"},"content":{"rendered":"<section id=\"section-c11d626\" class=\"section-c7bd055 cc-sct\"><div id=\"section-c11d626-wrapper\" class=\"section-c7bd055-wrapper cc-wrapper\">\n<div id=\"columns-cf1d269\" class=\"columns-ccc8126 columns-wrap\">\n<div id=\"column-c88bcb9\" class=\"column-c9d491d cc-clmn\"><\/div>\n\n\n\n<div id=\"column-cfac5e8\" class=\"column-c5c60a5 columns-wrap-line cc-clmn\"><\/div>\n\n\n\n<div id=\"column-cef7e55\" class=\"column-cc89758 cc-clmn\"><\/div>\n<\/div>\n\n\n\n<div id=\"columns-c2fb33c\" class=\"columns-c69755c\">\n<div id=\"column-c4b9626\" class=\"column-c4c69f5 cc-clmn\"><p><nav aria-label=\"Semmelbr\u00f6sel\" class=\"rank-math-breadcrumb\"><p><span class=\"last\">Startseite<\/span><\/p><\/nav><\/p>\n\n\n\n<h1 id=\"heading-c008545\" class=\"heading-c086af0\">Nehmen Sie Kontakt mit uns auf<\/h1>\n\n\n\n<p id=\"paragraph-cf38d86\" class=\"paragraph-ce9bd92\">Mit MUES-TEC an Ihrer Seite bleiben Sie der Zeit immer einen Schritt voraus. Wir bieten Ihnen optimale L\u00f6sungen f\u00fcr Ihre anstehenden Projekte, unterst\u00fctzt durch einen beispiellosen Kundendienst. Vereinbaren Sie noch heute einen Beratungstermin mit unserer Projektabteilung.<\/p>\n<\/div>\n\n\n\n<div id=\"column-c8fc295\" class=\"column-cae7f09 cc-clmn\">\n<img loading=\"lazy\" decoding=\"async\" id=\"image-c143e0c\" class=\"image-c8371ac img-mask cc-img\" src=\"https:\/\/mues-tec.com\/wp-content\/uploads\/2023\/09\/contacts-1.webp\" srcset=\"https:\/\/mues-tec.com\/wp-content\/uploads\/2023\/09\/contacts-1.webp 1200w, https:\/\/mues-tec.com\/wp-content\/uploads\/2023\/09\/contacts-1-768x454.webp 768w, https:\/\/mues-tec.com\/wp-content\/uploads\/2023\/09\/contacts-1-18x12.webp 18w\" sizes=\"auto, (max-width: 1200px) 100vw, 1200px\" width=\"1200\" height=\"710\" alt=\"\"\/>\n<\/div>\n<\/div>\n<\/div><\/section>\n\n\n\n<section id=\"section-c144f0b\" class=\"section-c65f325 cc-sct\"><div id=\"section-c144f0b-wrapper\" class=\"section-c65f325-wrapper cc-wrapper\">\n<div id=\"columns-cf1d269\" class=\"columns-ccc8126 columns-wrap\">\n<div id=\"column-c88bcb9\" class=\"column-c9d491d cc-clmn\"><\/div>\n\n\n\n<div id=\"column-cfac5e8\" class=\"column-c5c60a5 columns-wrap-line cc-clmn\"><\/div>\n\n\n\n<div id=\"column-cef7e55\" class=\"column-cc89758 cc-clmn\"><\/div>\n<\/div>\n\n\n\n<div id=\"columns-c38aae0\" class=\"columns-c8cfcad\">\n<div id=\"column-cc79d02\" class=\"column-c02f4fb cc-clmn\">\n<div id=\"div-ceb2949\" class=\"div-cede47d\"><div class='fluentform ff-default fluentform_wrapper_1  ff_guten_block ff_guten_block-1 ffs_default_wrap'><form data-form_id=\"1\" id=\"fluentform_1\" class=\"frm-fluent-form fluent_form_1 ff-el-form-top ff_form_instance_1_1 ff-form-loading ffs_default\" data-form_instance=\"ff_form_instance_1_1\" method=\"POST\" action=\"\" ><fieldset  style=\"border: none!important;margin: 0!important;padding: 0!important;background-color: transparent!important;box-shadow: none!important;outline: none!important; min-inline-size: 100%;\">\n                    <legend class=\"ff_screen_reader_title\" style=\"display: block; margin: 0!important;padding: 0!important;height: 0!important;text-indent: -999999px;width: 0!important;overflow:hidden;\">Kontakt-Formular<\/legend>        <div\n                style=\"display: none!important; position: absolute!important; transform: translateX(1000%)!important;\"\n                class=\"ff-el-group ff-hpsf-container\"\n        >\n            <div class=\"ff-el-input--label asterisk-right\">\n                <label for=\"ff_1_item_sf\" aria-label=\"Newsletter\">\n                    Newsletter                <\/label>\n            <\/div>\n            <div class=\"ff-el-input--content\">\n                <input type=\"text\"\n                       name=\"item_1__fluent_sf\"\n                       class=\"ff-el-form-control\"\n                       id=\"ff_1_item_sf\"\n                \/>\n            <\/div>\n        <\/div>\n        <input type='hidden' name='__fluent_form_embded_post_id' value='31' \/><input type=\"hidden\" id=\"_fluentform_1_fluentformnonce\" name=\"_fluentform_1_fluentformnonce\" value=\"fc67fa0cd7\" \/><input type=\"hidden\" name=\"_wp_http_referer\" value=\"\/de\/wp-json\/wp\/v2\/pages\/31\" \/><div class='ff-el-group ff-el-form-hide_label'><div class=\"ff-el-input--label ff-el-is-required asterisk-right\"><label for='ff_1_input_text' id='label_ff_1_input_text' aria-label=\"Name\">Name<\/label><\/div><div class='ff-el-input--content'><input type=\"text\" name=\"input_text\" class=\"ff-el-form-control\" placeholder=\"Name*\" data-name=\"input_text\" id=\"ff_1_input_text\"  aria-invalid=\"false\" aria-required=\"true\"><\/div><\/div><div class='ff-el-group ff-el-form-hide_label'><div class=\"ff-el-input--label ff-el-is-required asterisk-right\"><label for='ff_1_numeric-field' id='label_ff_1_numeric-field' aria-label=\"Telefon\">Telefon<\/label><\/div><div class='ff-el-input--content'><input type=\"number\" name=\"numeric-field\" id=\"ff_1_numeric-field\" class=\"ff-el-form-control\" placeholder=\"Telefon*\" data-name=\"numeric-field\" inputmode=\"numeric\" step=\"any\"  aria-invalid=\"false\" aria-required=\"true\"><\/div><\/div><div class='ff-el-group ff-el-form-hide_label'><div class=\"ff-el-input--label ff-el-is-required asterisk-right\"><label for='ff_1_email' id='label_ff_1_email' aria-label=\"E-Mail\">E-Mail<\/label><\/div><div class='ff-el-input--content'><input type=\"email\" name=\"email\" id=\"ff_1_email\" class=\"ff-el-form-control\" placeholder=\"E-Mail*\" data-name=\"email\"  aria-invalid=\"false\" aria-required=\"true\"><\/div><\/div><div class='ff-el-group ff-el-form-hide_label'><div class=\"ff-el-input--label ff-el-is-required asterisk-right\"><label for='ff_1_subject' id='label_ff_1_subject' aria-label=\"Unternehmen\">Unternehmen<\/label><\/div><div class='ff-el-input--content'><input type=\"text\" name=\"subject\" class=\"ff-el-form-control\" placeholder=\"Unternehmen*\" data-name=\"subject\" id=\"ff_1_subject\"  aria-invalid=\"false\" aria-required=\"true\"><\/div><\/div><div class='ff-el-group ff-el-form-hide_label'><div class=\"ff-el-input--label ff-el-is-required asterisk-right\"><label for='ff_1_input_text_1' id='label_ff_1_input_text_1' aria-label=\"Land\">Land <\/label><\/div><div class='ff-el-input--content'><input type=\"text\" name=\"input_text_1\" class=\"ff-el-form-control\" placeholder=\"Land*\" data-name=\"input_text_1\" id=\"ff_1_input_text_1\"  aria-invalid=\"false\" aria-required=\"true\"><\/div><\/div><div class='ff-el-group ff-el-form-hide_label'><div class=\"ff-el-input--label asterisk-right\"><label for='ff_1_message' id='label_ff_1_message' aria-label=\"Nachricht\">Nachricht<\/label><\/div><div class='ff-el-input--content'><textarea aria-required=\"false\" aria-labelledby=\"label_ff_1_message\" name=\"message\" id=\"ff_1_message\" class=\"ff-el-form-control\" placeholder=\"Nachricht\" rows=\"4\" cols=\"2\" data-name=\"message\" ><\/textarea><\/div><\/div><div class='ff-el-group ff-el-form-hide_label'><div class=\"ff-el-input--label asterisk-right\"><label   aria-label=\"Dies ist dringend notwendig.\">Dies ist dringend notwendig.<\/label><\/div><div class='ff-el-input--content'><div class='ff-el-form-check ff-el-form-check-'><label class='ff-el-form-check-label' for='checkbox_9d03a1de7960a1d6e4a7dd4106a6ed68'><input  type=\"checkbox\" name=\"checkbox[]\" data-name=\"checkbox\" class=\"ff-el-form-check-input ff-el-form-check-checkbox\" value=\"This is urgent.\"  id='checkbox_9d03a1de7960a1d6e4a7dd4106a6ed68' aria-label='Dies ist dringend notwendig.' aria-invalid='false' aria-required=\"false\"> <span>Dies ist dringend notwendig.<\/span><\/label><\/div><\/div><\/div><div class='ff-el-group    ff-el-input--content'><div class='ff-el-form-check ff-el-tc'><label aria-label='Ich bin damit einverstanden, dass meine Angaben aus dem Kontaktformular zur Beantwortung meiner Anfrage erhoben und verarbeitet werden. Datenschutz' class='ff-el-form-check-label ff_tc_label' for=\"gdpr-agreement_33d985369b73bc03baf47a6779f8440a\"><span class='ff_tc_checkbox'><input type=\"checkbox\" name=\"gdpr-agreement\" class=\"ff-el-form-check-input ff_gdpr_field\" data-name=\"gdpr-agreement\" id=\"gdpr-agreement_33d985369b73bc03baf47a6779f8440a\"  value='on' aria-invalid='false' aria-required=\"true\"><\/span> <div class='ff_t_c'>Ich bin damit einverstanden, dass meine Angaben aus dem Kontaktformular zur Beantwortung meiner Anfrage erhoben und verarbeitet werden. Datenschutz<\/div><\/label><\/div><\/div><div class='ff-el-group' ><div class='ff-el-input--content'><div data-fluent_id='1' name='h-captcha-response'><div\n\t\tdata-sitekey='00aac94e-45cc-4508-9300-a2ae8e5449b0'\n\t\tid='fluentform-hcaptcha-1-1'\n\t\tclass='ff-el-hcaptcha h-captcha'><\/div><\/div><\/div><\/div><div class='ff-el-group ff-text-left ff_submit_btn_wrapper'><button type=\"submit\" class=\"ff-btn ff-btn-submit ff-btn-md ff_btn_no_style\"  aria-label=\"Nachricht senden\">Nachricht senden<\/button><\/div><\/fieldset><input type=\"hidden\" name=\"trp-form-language\" value=\"de\"\/><\/form><div id='fluentform_1_errors' class='ff-errors-in-stack ff_form_instance_1_1 ff-form-loading_errors ff_form_instance_1_1_errors'><\/div><\/div>            <script type=\"text\/javascript\">\n                window.fluent_form_ff_form_instance_1_1 = {\"id\":\"1\",\"ajaxUrl\":\"https:\\\/\\\/mues-tec.com\\\/wp-admin\\\/admin-ajax.php\",\"settings\":{\"layout\":{\"labelPlacement\":\"top\",\"helpMessagePlacement\":\"with_label\",\"errorMessagePlacement\":\"inline\",\"cssClassName\":\"\",\"asteriskPlacement\":\"asterisk-right\"},\"restrictions\":{\"denyEmptySubmission\":{\"enabled\":false}}},\"form_instance\":\"ff_form_instance_1_1\",\"form_id_selector\":\"fluentform_1\",\"rules\":{\"input_text\":{\"required\":{\"value\":true,\"message\":\"This field is required\",\"global\":false,\"global_message\":\"Dieses Feld ist erforderlich\"}},\"numeric-field\":{\"required\":{\"value\":true,\"message\":\"This field is required\",\"global\":false,\"global_message\":\"Dieses Feld ist erforderlich\"},\"numeric\":{\"value\":true,\"message\":\"This field must contain numeric value\",\"global\":false,\"global_message\":\"Dieses Feld muss einen numerischen Wert enthalten\"},\"min\":{\"value\":\"\",\"message\":\"Minimum value is \",\"global\":false,\"global_message\":\"Validation fails for minimum value\"},\"max\":{\"value\":\"\",\"message\":\"Maximum value is \",\"global\":false,\"global_message\":\"Validation fails for maximum value\"},\"digits\":{\"value\":\"\",\"message\":\"The number of digits has to be \",\"global\":false,\"global_message\":\"Validation fails for limited digits\"}},\"email\":{\"required\":{\"value\":true,\"message\":\"This field is required\",\"global\":false,\"global_message\":\"Dieses Feld ist erforderlich\"},\"email\":{\"value\":true,\"message\":\"This field must contain a valid email\",\"global\":false,\"global_message\":\"Dieses Feld muss eine g\\u00fcltige E-Mail-Adresse enthalten\"}},\"subject\":{\"required\":{\"value\":true,\"message\":\"This field is required\",\"global\":false,\"global_message\":\"Dieses Feld ist erforderlich\"}},\"input_text_1\":{\"required\":{\"value\":true,\"message\":\"This field is required\",\"global\":false,\"global_message\":\"Dieses Feld ist erforderlich\"}},\"message\":{\"required\":{\"value\":false,\"message\":\"This field is required\",\"global\":false,\"global_message\":\"Dieses Feld ist erforderlich\"}},\"checkbox\":{\"required\":{\"value\":false,\"message\":\"This field is required\",\"global\":false,\"global_message\":\"Dieses Feld ist erforderlich\"}},\"gdpr-agreement\":{\"required\":{\"value\":true,\"message\":\"This field is required\",\"global\":false,\"global_message\":\"Dieses Feld ist erforderlich\"}}},\"debounce_time\":300};\n                            <\/script>\n            <\/div>\n<\/div>\n\n\n\n<div id=\"column-c0216f6\" class=\"column-c643c1c cc-clmn\">\n<div id=\"repeater-cae374c\" class=\"repeater-c7701d2\"><div >\n<div id=\"div-c36d595\" class=\"div-c32b079\" map=\"https:\/\/mues-tec.com\/wp-content\/uploads\/2023\/10\/image-map-germany.webp\" link=\"https:\/\/maps.app.goo.gl\/4JRNenxxYG2mMVNq9\">\n<div id=\"div-ca30cd3\" class=\"div-ceec8d0\">\n<img decoding=\"async\" id=\"image-c47a577\" class=\"image-c627816 cc-img\" src=\"https:\/\/mues-tec.com\/wp-content\/uploads\/2023\/09\/flag_of_germany.svg\" alt=\"\" loading=\"lazy\"\/>\n\n\n\n<p id=\"paragraph-c8e5b40\" class=\"paragraph-cc503b7\">Deutschland HQ<\/p>\n<\/div>\n\n\n\n<a id=\"paragraph-c29ce40\" class=\"paragraph-cadcb81\" href=\"tel:+4966489167562\" rel=\"noopener\" target=\"_blank\">+49 6648 916 75 62<\/a>\n\n\n\n<a id=\"paragraph-cb308c2\" class=\"paragraph-c6244a0\" href=\"mailto:info@mues-tec.de\" rel=\"noopener\" target=\"_blank\">info@mues-tec.de<\/a>\n\n\n\n<a id=\"paragraph-cd6a455\" class=\"paragraph-c8af3a6\" href=\"https:\/\/maps.app.goo.gl\/4JRNenxxYG2mMVNq9\" rel=\"noopener\" target=\"_blank\">Hauptstrasse 16, 36137 Grossenl\u00fcder<\/a>\n<\/div>\n<\/div><div >\n<div id=\"div-c36d595-r-1\" class=\"div-c32b079\" map=\"https:\/\/mues-tec.com\/wp-content\/uploads\/2023\/10\/image-map-sh.webp\" link=\"https:\/\/maps.app.goo.gl\/WKVL5BVeHw2Y1f127\">\n<div id=\"div-ca30cd3-r-1\" class=\"div-ceec8d0\">\n<img decoding=\"async\" id=\"image-c47a577-r-1\" class=\"image-c627816 cc-img\" src=\"https:\/\/mues-tec.com\/wp-content\/uploads\/2023\/09\/flag_of_switzerland.svg\" alt=\"\" loading=\"lazy\"\/>\n\n\n\n<p id=\"paragraph-c8e5b40-r-1\" class=\"paragraph-cc503b7\">Schweiz Showroom<\/p>\n<\/div>\n\n\n\n<a id=\"paragraph-c29ce40-r-1\" class=\"paragraph-cadcb81\" href=\"tel:+41797138476\" rel=\"noopener\" target=\"_blank\">+41 79 713 84 76<\/a>\n\n\n\n<a id=\"paragraph-cb308c2-r-1\" class=\"paragraph-c6244a0\" href=\"mailto:info@mues-tec.ch\" rel=\"noopener\" target=\"_blank\">info@mues-tec.ch<\/a>\n\n\n\n<a id=\"paragraph-cd6a455-r-1\" class=\"paragraph-c8af3a6\" href=\"https:\/\/maps.app.goo.gl\/WKVL5BVeHw2Y1f127\" rel=\"noopener\" target=\"_blank\">B\u00e4ckerstrasse 58, 8004 Z\u00fcrich<\/a>\n<\/div>\n<\/div><div >\n<div id=\"div-c36d595-r-2\" class=\"div-c32b079\" map=\"https:\/\/mues-tec.com\/wp-content\/uploads\/2023\/10\/image-map-dubai.webp\" link=\"https:\/\/maps.app.goo.gl\/FNZ1q7TcRSSDiWa59\">\n<div id=\"div-ca30cd3-r-2\" class=\"div-ceec8d0\">\n<img decoding=\"async\" id=\"image-c47a577-r-2\" class=\"image-c627816 cc-img\" src=\"https:\/\/mues-tec.com\/wp-content\/uploads\/2023\/09\/flag_of_the_united_arab_emirates.svg\" alt=\"\" loading=\"lazy\"\/>\n\n\n\n<p id=\"paragraph-c8e5b40-r-2\" class=\"paragraph-cc503b7\">Naher Osten<\/p>\n<\/div>\n\n\n\n<a id=\"paragraph-c29ce40-r-2\" class=\"paragraph-cadcb81\" href=\"tel:+971 50 386 3631\" rel=\"noopener\" target=\"_blank\">+971 50 386 3631<\/a>\n\n\n\n<a id=\"paragraph-cb308c2-r-2\" class=\"paragraph-c6244a0\" href=\"mailto:mena.sales@mues-tec.com\" rel=\"noopener\" target=\"_blank\">sales@mues-tec.ae<\/a>\n\n\n\n<a id=\"paragraph-cd6a455-r-2\" class=\"paragraph-c8af3a6\" href=\"https:\/\/maps.app.goo.gl\/FNZ1q7TcRSSDiWa59\" rel=\"noopener\" target=\"_blank\">Business Center 1, M Floor, The Meydan Hotel, Nad Al, Sheba, Dubai, V.A.E<\/a>\n<\/div>\n<\/div><div >\n<div id=\"div-c36d595-r-3\" class=\"div-c32b079\" map=\"https:\/\/mues-tec.com\/wp-content\/uploads\/2023\/10\/image-map-china.webp\" link=\"https:\/\/maps.app.goo.gl\/fCwa9NE14DNuGahi8\">\n<div id=\"div-ca30cd3-r-3\" class=\"div-ceec8d0\">\n<img decoding=\"async\" id=\"image-c47a577-r-3\" class=\"image-c627816 cc-img\" src=\"https:\/\/mues-tec.com\/wp-content\/uploads\/2023\/09\/flag_of_the_peoples_republic_of_china.svg\" alt=\"\" loading=\"lazy\"\/>\n\n\n\n<p id=\"paragraph-c8e5b40-r-3\" class=\"paragraph-cc503b7\">China<\/p>\n<\/div>\n\n\n\n<a id=\"paragraph-c29ce40-r-3\" class=\"paragraph-cadcb81\" href=\"tel:+8613631694645\" rel=\"noopener\" target=\"_blank\">+86 136 3169 4645<\/a>\n\n\n\n<a id=\"paragraph-cb308c2-r-3\" class=\"paragraph-c6244a0\" href=\"mailto:info@mues-tec.com\" rel=\"noopener\" target=\"_blank\">info@mues-tec.com<\/a>\n\n\n\n<a id=\"paragraph-cd6a455-r-3\" class=\"paragraph-c8af3a6\" href=\"https:\/\/maps.app.goo.gl\/fCwa9NE14DNuGahi8\" rel=\"noopener\" target=\"_blank\">7-69-B5 GangShen International Center, Xinniu Community, Minzhi Street, Longhua District, Shenzhen<\/a>\n<\/div>\n<\/div><\/div>\n<\/div>\n\n\n\n<div id=\"column-c0c0d7c\" class=\"column-cb754a0 cc-clmn\">\n<div id=\"div-c5a547f\" class=\"div-c39dc75\">\n<img loading=\"lazy\" decoding=\"async\" id=\"image-c897533\" class=\"image-cb54aa2 cc-img\" src=\"https:\/\/mues-tec.com\/wp-content\/uploads\/2023\/10\/image-map-germany.webp\" width=\"1120\" height=\"1500\" alt=\"\"\/>\n<\/div>\n<\/div>\n<\/div>\n\n\n<\/div><\/section>","protected":false},"excerpt":{"rendered":"","protected":false},"author":1,"featured_media":0,"parent":0,"menu_order":0,"comment_status":"closed","ping_status":"closed","template":"","meta":{"_acf_changed":false,"footnotes":""},"class_list":["post-31","page","type-page","status-publish","hentry"],"acf":[],"_links":{"self":[{"href":"https:\/\/mues-tec.com\/de\/wp-json\/wp\/v2\/pages\/31","targetHints":{"allow":["GET"]}}],"collection":[{"href":"https:\/\/mues-tec.com\/de\/wp-json\/wp\/v2\/pages"}],"about":[{"href":"https:\/\/mues-tec.com\/de\/wp-json\/wp\/v2\/types\/page"}],"author":[{"embeddable":true,"href":"https:\/\/mues-tec.com\/de\/wp-json\/wp\/v2\/users\/1"}],"replies":[{"embeddable":true,"href":"https:\/\/mues-tec.com\/de\/wp-json\/wp\/v2\/comments?post=31"}],"version-history":[{"count":0,"href":"https:\/\/mues-tec.com\/de\/wp-json\/wp\/v2\/pages\/31\/revisions"}],"wp:attachment":[{"href":"https:\/\/mues-tec.com\/de\/wp-json\/wp\/v2\/media?parent=31"}],"curies":[{"name":"wp","href":"https:\/\/api.w.org\/{rel}","templated":true}]}}